{"id":260,"date":"2020-02-15T16:08:01","date_gmt":"2020-02-15T15:08:01","guid":{"rendered":"https:\/\/abi77-michelstadt.de\/wp\/?page_id=260"},"modified":"2020-02-15T16:08:01","modified_gmt":"2020-02-15T15:08:01","slug":"entwicklung-des-gymnasiums-michelstadt","status":"publish","type":"page","link":"https:\/\/abi77-michelstadt.de\/wp\/entwicklung-des-gymnasiums-michelstadt\/","title":{"rendered":"Entwicklung des Gymnasiums Michelstadt"},"content":{"rendered":"<p>Das heutige Gymnasium Michelstadt hat sich aus einem 1823 vom Grafenhaus Erbach-F\u00fcrstenau und Michelst\u00e4dter B\u00fcrgern gegr\u00fcndeten Progymnasium entwickelt.<\/p>\n<p>1834 wurde eine Realschule, 1841 eine Sonntagszeichenschule, die von jungen Handwerkern besucht wurde, dem Progymnasium angegliedert. Ein M\u00e4dcheninstitut wurde 1843 angeschlossen, dazu 1853 eine Ackerbauschule f\u00fcr junge Landwirte.<\/p>\n<p>Die Aufgeschlossenheit f\u00fcr Forderungen der Zeit und regionale Bed\u00fcrfnisse dokumentiert sich auch in einer weiteren Besonderheit:<\/p>\n<p>1896 wurden Werkst\u00e4tten in der Realschule installiert und im Lehrplan das Fach &#8222;Handfertigkeitsunterricht&#8220; eingerichtet. In diesem polytechnischen Unterricht fertigten die Sch\u00fcler Schemel, B\u00fccherbretter und Apparate f\u00fcr den Physikunterricht, die z. T. in einer &#8222;Sonderausstellung physikalischer Handarbeiten&#8220;; 1913 in Berlin gezeigt wurden. Ab 1907 konnten auch M\u00e4dchen die Realschule besuchen. Der Ausbau zur Oberrealschule (Abiturpr\u00fcfung) erfolgte 1923, 1945 die Umbenennung in Realgymnasium, 1957 schlie\u00dflich in Gymnasium.<\/p>\n<p>1969 wurde eine eigenst\u00e4ndige Oberstufenreform durchgef\u00fchrt. Sie hatte u. a. zum Ziel, die kreativen F\u00e4higkeiten der Sch\u00fclerinnen und Sch\u00fcler durch die organisatorische und inhaltliche Aufwertung der F\u00e4cher Kunst und Musik sowie durch die Einbeziehung handwerklicher T\u00e4tigkeiten st\u00e4rker zur Entfaltung zu bringen. Dieser reformp\u00e4dagogische Ansatz ging nach f\u00fcnf Jahren sehr positiver Erfahrungen in der &#8222;Neugestalteten Oberstufe&#8220; auf.<\/p>\n<p>In den \u00fcber 175 Jahren seines Bestehens erfuhr das Michelst\u00e4dter Gymnasium zahlreiche organisatorische und inhaltliche Ver\u00e4nderungen. Die traditionell zentrale Stellung in der regionalen Schullandschaft ist durchg\u00e4ngig geblieben.<\/p>\n<p>Heute kommt die Sch\u00fclerschaft in unterschiedlichen Anteilen aus den Gemeinden des Odenwaldkreises. In der Jahrgangsstufe 11 stammen bis zu 30% der Sch\u00fclerinnen und Sch\u00fcler aus den benachbarten Schulen. Dies macht eine intensive Abstimmung zwischen den verschiedenen Schulen notwendig.<\/p>\n<p>F\u00fcr die neu in die Schule eintretenden Sch\u00fclerinnen und Sch\u00fcler bedeutet der &amp;\u00dcbergang in das Gymnasium Michelstadt zugleich das Einleben in einen neuen Lebens- und Erfahrungsraum. Dem wird durch verschiedene Ma\u00dfnahmen Rechnung getragen.<\/p>\n<p>In dem Schuljahr 2002\/03 wurden wieder 5. Klassen am Gymnasium Michelstadt eingerichtet. Seitdem gilt ein besonderes Augenmerk der Koordination mit den abgebenden Grundschulen.<\/p>\n<p>F\u00fcr die im Schuljahr 2005\/06 in die 5. Klassen aufgenommenen Sch\u00fcler ist die gymnasiale Schulzeit auf 8 Jahre verk\u00fcrzt und ab dem Schuljahr 2006\/07 ist das Gymnasium Michelstadt eine Schule mit p\u00e4dagogischer Mittagsbetreuung. Beides wird das Schulleben in den n\u00e4chsten Jahren nachhaltig beeinflussen.<\/p>\n<p>Im Schuljahr 2006\/2007 wird in der Jahrgangsstufe 5 eine &#8222;Sportklasse&#8220; eingerichtet; durch einen zertifizierten Test werden die daf\u00fcr geeigneten Sch\u00fclerinnen und Sch\u00fcler ausgesucht. Diese Klasse wird zwei Sportstunden zus\u00e4tzlich erhalten<\/p>\n<p>(Quelle: Schulprogramm 2007)<\/p>\n","protected":false},"excerpt":{"rendered":"<p>Das heutige Gymnasium Michelstadt hat sich aus einem 1823 vom Grafenhaus Erbach-F\u00fcrstenau und Michelst\u00e4dter B\u00fcrgern gegr\u00fcndeten Progymnasium entwickelt. 1834 wurde eine Realschule, 1841 eine Sonntagszeichenschule, die von jungen Handwerkern besucht wurde, dem Progymnasium angegliedert. Ein M\u00e4dcheninstitut wurde 1843 angeschlossen, dazu 1853 eine Ackerbauschule f\u00fcr junge Landwirte. Die Aufgeschlossenheit f\u00fcr Forderungen der Zeit und regionale Bed\u00fcrfnisse [&hellip;]<\/p>\n","protected":false},"author":4,"featured_media":0,"parent":0,"menu_order":0,"comment_status":"closed","ping_status":"closed","template":"","meta":{"footnotes":""},"class_list":["post-260","page","type-page","status-publish","hentry"],"_links":{"self":[{"href":"https:\/\/abi77-michelstadt.de\/wp\/wp-json\/wp\/v2\/pages\/260","targetHints":{"allow":["GET"]}}],"collection":[{"href":"https:\/\/abi77-michelstadt.de\/wp\/wp-json\/wp\/v2\/pages"}],"about":[{"href":"https:\/\/abi77-michelstadt.de\/wp\/wp-json\/wp\/v2\/types\/page"}],"author":[{"embeddable":true,"href":"https:\/\/abi77-michelstadt.de\/wp\/wp-json\/wp\/v2\/users\/4"}],"replies":[{"embeddable":true,"href":"https:\/\/abi77-michelstadt.de\/wp\/wp-json\/wp\/v2\/comments?post=260"}],"version-history":[{"count":4,"href":"https:\/\/abi77-michelstadt.de\/wp\/wp-json\/wp\/v2\/pages\/260\/revisions"}],"predecessor-version":[{"id":264,"href":"https:\/\/abi77-michelstadt.de\/wp\/wp-json\/wp\/v2\/pages\/260\/revisions\/264"}],"wp:attachment":[{"href":"https:\/\/abi77-michelstadt.de\/wp\/wp-json\/wp\/v2\/media?parent=260"}],"curies":[{"name":"wp","href":"https:\/\/api.w.org\/{rel}","templated":true}]}}